{"id":12020,"date":"2021-12-13T11:34:44","date_gmt":"2021-12-13T10:34:44","guid":{"rendered":"https:\/\/mbits.info\/?page_id=12020"},"modified":"2024-09-23T11:36:22","modified_gmt":"2024-09-23T09:36:22","slug":"security-statements","status":"publish","type":"page","link":"https:\/\/mbits.info\/en\/security-statements","title":{"rendered":"Security Statements"},"content":{"rendered":"\t\t<div data-elementor-type=\"wp-page\" data-elementor-id=\"12020\" class=\"elementor elementor-12020\" data-elementor-post-type=\"page\">\n\t\t\t\t\t\t<section class=\"has_eae_slider elementor-section elementor-top-section elementor-element elementor-element-21234a5d elementor-section-full_width elementor-section-height-min-height elementor-section-height-default elementor-section-items-middle\" data-eae-slider=\"78309\" data-id=\"21234a5d\" data-element_type=\"section\" data-e-type=\"section\" data-settings=\"{&quot;background_background&quot;:&quot;classic&quot;}\">\n\t\t\t\t\t\t<div class=\"elementor-container elementor-column-gap-default\">\n\t\t\t\t\t<div class=\"has_eae_slider elementor-column elementor-col-100 elementor-top-column elementor-element elementor-element-761de4dc elementor-invisible\" data-eae-slider=\"3671\" data-id=\"761de4dc\" data-element_type=\"column\" data-e-type=\"column\" data-settings=\"{&quot;animation&quot;:&quot;fadeIn&quot;}\">\n\t\t\t<div class=\"elementor-widget-wrap elementor-element-populated\">\n\t\t\t\t\t\t<div class=\"elementor-element elementor-element-2d39b900 animated-slow elementor-widget elementor-widget-heading\" data-id=\"2d39b900\" data-element_type=\"widget\" data-e-type=\"widget\" data-settings=\"{&quot;_animation&quot;:&quot;none&quot;,&quot;_animation_delay&quot;:0}\" data-widget_type=\"heading.default\">\n\t\t\t\t<div class=\"elementor-widget-container\">\n\t\t\t\t\t<h1 class=\"elementor-heading-title elementor-size-default\">Security <br>\nStatements<\/h1>\t\t\t\t<\/div>\n\t\t\t\t<\/div>\n\t\t\t\t<div class=\"elementor-element elementor-element-4b472ec3 animated-slow elementor-widget elementor-widget-text-editor\" data-id=\"4b472ec3\" data-element_type=\"widget\" data-e-type=\"widget\" data-settings=\"{&quot;_animation&quot;:&quot;none&quot;}\" data-widget_type=\"text-editor.default\">\n\t\t\t\t<div class=\"elementor-widget-container\">\n\t\t\t\t\t\t\t\t\t<p>mbits imaging GmbH<\/p>\t\t\t\t\t\t\t\t<\/div>\n\t\t\t\t<\/div>\n\t\t\t\t\t<\/div>\n\t\t<\/div>\n\t\t\t\t\t<\/div>\n\t\t<\/section>\n\t\t\t\t<section class=\"has_eae_slider elementor-section elementor-top-section elementor-element elementor-element-7b70581e elementor-section-boxed elementor-section-height-default elementor-section-height-default\" data-eae-slider=\"59601\" data-id=\"7b70581e\" data-element_type=\"section\" data-e-type=\"section\">\n\t\t\t\t\t\t<div class=\"elementor-container elementor-column-gap-default\">\n\t\t\t\t\t<div class=\"has_eae_slider elementor-column elementor-col-100 elementor-top-column elementor-element elementor-element-3ae82865\" data-eae-slider=\"32436\" data-id=\"3ae82865\" data-element_type=\"column\" data-e-type=\"column\">\n\t\t\t<div class=\"elementor-widget-wrap elementor-element-populated\">\n\t\t\t\t\t\t<div class=\"elementor-element elementor-element-7ba255f5 elementor-widget elementor-widget-spacer\" data-id=\"7ba255f5\" data-element_type=\"widget\" data-e-type=\"widget\" data-widget_type=\"spacer.default\">\n\t\t\t\t<div class=\"elementor-widget-container\">\n\t\t\t\t\t\t\t<div class=\"elementor-spacer\">\n\t\t\t<div class=\"elementor-spacer-inner\"><\/div>\n\t\t<\/div>\n\t\t\t\t\t\t<\/div>\n\t\t\t\t<\/div>\n\t\t\t\t\t<\/div>\n\t\t<\/div>\n\t\t\t\t\t<\/div>\n\t\t<\/section>\n\t\t\t\t<section class=\"has_eae_slider elementor-section elementor-top-section elementor-element elementor-element-14d572bc elementor-section-boxed elementor-section-height-default elementor-section-height-default\" data-eae-slider=\"15588\" data-id=\"14d572bc\" data-element_type=\"section\" data-e-type=\"section\" id=\"inhaltsverzeichnis\" data-settings=\"{&quot;animation&quot;:&quot;none&quot;}\">\n\t\t\t\t\t\t<div class=\"elementor-container elementor-column-gap-default\">\n\t\t\t\t\t<div class=\"has_eae_slider elementor-column elementor-col-100 elementor-top-column elementor-element elementor-element-3957fd4f\" data-eae-slider=\"58260\" data-id=\"3957fd4f\" data-element_type=\"column\" data-e-type=\"column\">\n\t\t\t<div class=\"elementor-widget-wrap elementor-element-populated\">\n\t\t\t\t\t\t<div class=\"elementor-element elementor-element-4829f084 elementor-widget elementor-widget-spacer\" data-id=\"4829f084\" data-element_type=\"widget\" data-e-type=\"widget\" data-widget_type=\"spacer.default\">\n\t\t\t\t<div class=\"elementor-widget-container\">\n\t\t\t\t\t\t\t<div class=\"elementor-spacer\">\n\t\t\t<div class=\"elementor-spacer-inner\"><\/div>\n\t\t<\/div>\n\t\t\t\t\t\t<\/div>\n\t\t\t\t<\/div>\n\t\t\t\t<div class=\"elementor-element elementor-element-274ae2b elementor-widget elementor-widget-heading\" data-id=\"274ae2b\" data-element_type=\"widget\" data-e-type=\"widget\" data-widget_type=\"heading.default\">\n\t\t\t\t<div class=\"elementor-widget-container\">\n\t\t\t\t\t<h2 class=\"elementor-heading-title elementor-size-default\">\u00dcbersicht\n<\/h2>\t\t\t\t<\/div>\n\t\t\t\t<\/div>\n\t\t\t\t<div class=\"elementor-element elementor-element-289eb421 elementor-widget elementor-widget-text-editor\" data-id=\"289eb421\" data-element_type=\"widget\" data-e-type=\"widget\" data-widget_type=\"text-editor.default\">\n\t\t\t\t<div class=\"elementor-widget-container\">\n\t\t\t\t\t\t\t\t\t<div class=\"page\" title=\"Page 1\"><div class=\"layoutArea\"><div class=\"column\"><ul><li><span style=\"color: #7a7a7a;\"><a style=\"color: #7a7a7a;\" href=\"#cve\">CVE-2021-4428 &#8211; Java log4j<\/a><\/span><\/li><li><span style=\"color: #7a7a7a;\"><a style=\"color: #7a7a7a;\" href=\"#millionenfach\">Wie mRay Ihre Daten sch\u00fctzt in Zusammenhang mit dem Artikel &#8222;Millionenfach Patientendaten ungesch\u00fctzt im Netz&#8220; (Bayerischer Rundfunk)<\/a><\/span><\/li><\/ul><\/div><\/div><\/div>\t\t\t\t\t\t\t\t<\/div>\n\t\t\t\t<\/div>\n\t\t\t\t<div class=\"elementor-element elementor-element-1087419 elementor-widget elementor-widget-text-editor\" data-id=\"1087419\" data-element_type=\"widget\" data-e-type=\"widget\" data-widget_type=\"text-editor.default\">\n\t\t\t\t<div class=\"elementor-widget-container\">\n\t\t\t\t\t\t\t\t\t<p style=\"padding-left: 40px;\">Stand: 13.12.2021<\/p>\t\t\t\t\t\t\t\t<\/div>\n\t\t\t\t<\/div>\n\t\t\t\t<div class=\"elementor-element elementor-element-37221cc elementor-widget-divider--view-line elementor-widget elementor-widget-divider\" data-id=\"37221cc\" data-element_type=\"widget\" data-e-type=\"widget\" data-widget_type=\"divider.default\">\n\t\t\t\t<div class=\"elementor-widget-container\">\n\t\t\t\t\t\t\t<div class=\"elementor-divider\">\n\t\t\t<span class=\"elementor-divider-separator\">\n\t\t\t\t\t\t<\/span>\n\t\t<\/div>\n\t\t\t\t\t\t<\/div>\n\t\t\t\t<\/div>\n\t\t\t\t<div class=\"elementor-element elementor-element-1f921d9f elementor-widget elementor-widget-spacer\" data-id=\"1f921d9f\" data-element_type=\"widget\" data-e-type=\"widget\" data-widget_type=\"spacer.default\">\n\t\t\t\t<div class=\"elementor-widget-container\">\n\t\t\t\t\t\t\t<div class=\"elementor-spacer\">\n\t\t\t<div class=\"elementor-spacer-inner\"><\/div>\n\t\t<\/div>\n\t\t\t\t\t\t<\/div>\n\t\t\t\t<\/div>\n\t\t\t\t\t<\/div>\n\t\t<\/div>\n\t\t\t\t\t<\/div>\n\t\t<\/section>\n\t\t\t\t<section class=\"has_eae_slider elementor-section elementor-top-section elementor-element elementor-element-71bae691 elementor-section-boxed elementor-section-height-default elementor-section-height-default\" data-eae-slider=\"15729\" data-id=\"71bae691\" data-element_type=\"section\" data-e-type=\"section\" id=\"cve\" data-settings=\"{&quot;animation&quot;:&quot;none&quot;}\">\n\t\t\t\t\t\t<div class=\"elementor-container elementor-column-gap-default\">\n\t\t\t\t\t<div class=\"has_eae_slider elementor-column elementor-col-100 elementor-top-column elementor-element elementor-element-7a13cbff\" data-eae-slider=\"92812\" data-id=\"7a13cbff\" data-element_type=\"column\" data-e-type=\"column\">\n\t\t\t<div class=\"elementor-widget-wrap elementor-element-populated\">\n\t\t\t\t\t\t<div class=\"elementor-element elementor-element-5a95aa0d elementor-widget elementor-widget-heading\" data-id=\"5a95aa0d\" data-element_type=\"widget\" data-e-type=\"widget\" data-widget_type=\"heading.default\">\n\t\t\t\t<div class=\"elementor-widget-container\">\n\t\t\t\t\t<h2 class=\"elementor-heading-title elementor-size-default\">CVE-2021-4428 - Java log4j<\/h2>\t\t\t\t<\/div>\n\t\t\t\t<\/div>\n\t\t\t\t<div class=\"elementor-element elementor-element-a133e16 elementor-widget elementor-widget-heading\" data-id=\"a133e16\" data-element_type=\"widget\" data-e-type=\"widget\" data-widget_type=\"heading.default\">\n\t\t\t\t<div class=\"elementor-widget-container\">\n\t\t\t\t\t<h3 class=\"elementor-heading-title elementor-size-default\">Vom 13.12.2021<\/h3>\t\t\t\t<\/div>\n\t\t\t\t<\/div>\n\t\t\t\t<div class=\"elementor-element elementor-element-29ee2e21 elementor-widget elementor-widget-text-editor\" data-id=\"29ee2e21\" data-element_type=\"widget\" data-e-type=\"widget\" data-widget_type=\"text-editor.default\">\n\t\t\t\t<div class=\"elementor-widget-container\">\n\t\t\t\t\t\t\t\t\t<div class=\"page\" title=\"Page 1\"><div class=\"layoutArea\"><div class=\"column\"><p>Betrifft die Sicherheitsl\u00fccke in der Java Library log4j (vgl. BSI [1]). Nach Pr\u00fcfung\u00a0des Sachverhalts k\u00f6nnen wir Ihnen mitteilen, dass von dieser Schwachstelle keine Bedrohung f\u00fcr Ihre mRay\u00a0Installation ausgeht.\u00a0Java kommt bei mRay nur serverseitig zum Einsatz und auch nur, wenn eine HL7 Schnittstelle als Plugin konfiguriert\u00a0ist. Diese Schnittstelle wird meist im Zusammenhang mit unserer Fotodokumentation oder der Befunderstellung\u00a0eingerichtet. Die von uns dort verwendete log4j Version ist nicht von der Sicherheitsl\u00fccke betroffen. Betroffen sind\u00a0laut BSI alle log4j Versionen &gt;=2.0 und =&lt;2.14.1. Dennoch werden wir mit einem zuk\u00fcnftigen Update auf die\u00a0neueste log4j Version aktualisieren. Dar\u00fcber werden wir Sie gesondert informieren.\u00a0Aktuell sind also keine weiteren Ma\u00dfnahmen zu treffen. Falls Sie weitere Fragen haben, sprechen Sie uns gerne\u00a0an.<\/p><p>Vgl.: <a href=\"https:\/\/www.bsi.bund.de\/SharedDocs\/Cybersicherheitswarnungen\/DE\/2021\/2021-549032-10F2.pdf?__blob=publicationFile&amp;v=3\" target=\"_blank\" rel=\"noopener\">Meldung des Bundesamts f\u00fcr Sicherheit in der Informationstechnik (BSI)<\/a>\u00a0<\/p><\/div><\/div><\/div>\t\t\t\t\t\t\t\t<\/div>\n\t\t\t\t<\/div>\n\t\t\t\t<div class=\"elementor-element elementor-element-3f3ddde elementor-widget-divider--view-line elementor-widget elementor-widget-divider\" data-id=\"3f3ddde\" data-element_type=\"widget\" data-e-type=\"widget\" data-widget_type=\"divider.default\">\n\t\t\t\t<div class=\"elementor-widget-container\">\n\t\t\t\t\t\t\t<div class=\"elementor-divider\">\n\t\t\t<span class=\"elementor-divider-separator\">\n\t\t\t\t\t\t<\/span>\n\t\t<\/div>\n\t\t\t\t\t\t<\/div>\n\t\t\t\t<\/div>\n\t\t\t\t<div class=\"elementor-element elementor-element-1091ec7b elementor-widget elementor-widget-spacer\" data-id=\"1091ec7b\" data-element_type=\"widget\" data-e-type=\"widget\" data-widget_type=\"spacer.default\">\n\t\t\t\t<div class=\"elementor-widget-container\">\n\t\t\t\t\t\t\t<div class=\"elementor-spacer\">\n\t\t\t<div class=\"elementor-spacer-inner\"><\/div>\n\t\t<\/div>\n\t\t\t\t\t\t<\/div>\n\t\t\t\t<\/div>\n\t\t\t\t\t<\/div>\n\t\t<\/div>\n\t\t\t\t\t<\/div>\n\t\t<\/section>\n\t\t\t\t<section class=\"has_eae_slider elementor-section elementor-top-section elementor-element elementor-element-3073848 elementor-section-boxed elementor-section-height-default elementor-section-height-default\" data-eae-slider=\"34227\" data-id=\"3073848\" data-element_type=\"section\" data-e-type=\"section\" id=\"millionenfach\" data-settings=\"{&quot;animation&quot;:&quot;none&quot;}\">\n\t\t\t\t\t\t<div class=\"elementor-container elementor-column-gap-default\">\n\t\t\t\t\t<div class=\"has_eae_slider elementor-column elementor-col-100 elementor-top-column elementor-element elementor-element-4986950\" data-eae-slider=\"36711\" data-id=\"4986950\" data-element_type=\"column\" data-e-type=\"column\">\n\t\t\t<div class=\"elementor-widget-wrap elementor-element-populated\">\n\t\t\t\t\t\t<div class=\"elementor-element elementor-element-05d7f4f elementor-widget elementor-widget-heading\" data-id=\"05d7f4f\" data-element_type=\"widget\" data-e-type=\"widget\" data-widget_type=\"heading.default\">\n\t\t\t\t<div class=\"elementor-widget-container\">\n\t\t\t\t\t<h2 class=\"elementor-heading-title elementor-size-default\">Wie mRay ihre Daten sch\u00fctzt in Zusammenhang mit dem Artikel \u201cMillionenfach Patientendaten ungesch\u00fctzt im Netz\u201d (Bayerischer Rundfunk)<\/h2>\t\t\t\t<\/div>\n\t\t\t\t<\/div>\n\t\t\t\t<div class=\"elementor-element elementor-element-f95c596 elementor-widget elementor-widget-heading\" data-id=\"f95c596\" data-element_type=\"widget\" data-e-type=\"widget\" data-widget_type=\"heading.default\">\n\t\t\t\t<div class=\"elementor-widget-container\">\n\t\t\t\t\t<h3 class=\"elementor-heading-title elementor-size-default\">Vom 17.09.2019<\/h3>\t\t\t\t<\/div>\n\t\t\t\t<\/div>\n\t\t\t\t<div class=\"elementor-element elementor-element-36e9659 elementor-widget elementor-widget-text-editor\" data-id=\"36e9659\" data-element_type=\"widget\" data-e-type=\"widget\" data-widget_type=\"text-editor.default\">\n\t\t\t\t<div class=\"elementor-widget-container\">\n\t\t\t\t\t\t\t\t\t<div title=\"Page 1\"><div><div><p><span style=\"color: var( --e-global-color-text ); font-size: 1rem;\">Bezugnehmend auf den Artikel \u201cMillionenfach Patientendaten ungesch\u00fctzt im Netz\u201d des Bayerischen Rundfunk [1] m\u00f6chten wir Sie erneut dar\u00fcber informieren, wie umfangreich \u201cmRay\u201d Ihre Daten sch\u00fctzt.<\/span><\/p><p>Bei den im Bericht erw\u00e4hnten Lecks handelt es sich um ungesch\u00fctzte PACS-Systeme \u00fcber das Internet. Laut ARD Tagesschau sind diese Pannen beim Import von CDs oder durch Fehlkonfigurationen der datenf\u00fchrenden Rechner zustande gekommen [2].<\/p><p>Unsere Anwendung mRay bietet einen vielf\u00e4ltigen Schutz, so dass solche Pannen nicht vorkommen k\u00f6nnen. Bilder, die \u00fcber die mRay App heruntergeladen werden, werden in einem propriet\u00e4ren Format gespeichert und enthalten nur die f\u00fcr die Darstellung notwendigen Informationen. Es besteht keine M\u00f6glichkeit in der App, Zugriff auf die urspr\u00fcnglichen DICOM Dateien zu erhalten. Auch die \u00dcbertragung dieses propriet\u00e4ren Datenformats erfolgt \u00fcber eine AES-256-Bit verschl\u00fcsselte Verbindung. Der Zugriff auf die Daten wird hierbei \u00fcber eine passwortgesch\u00fctzte Authentifizierung und ein Berechtigungsmanagement geregelt.<\/p><p>DICOM-Daten werden nur auf dem entsprechenden Klinik-Server, auf dem mRay l\u00e4uft, zwischengespeichert, damit diese in das propriet\u00e4re Format umgewandelt werden k\u00f6nnen. Die Speicherung erfolgt zu keinem Zeitpunkt \u00fcber einen Cloud-Dienstleister, die Datenhoheit bleibt bei Ihnen. Diese Zwischenspeicherung erfolgt auch wieder \u00fcber eine Verschl\u00fcsselung. Da es sich bei mRay nicht um ein PACS bzw. Datenarchiv handelt, werden die Daten nur f\u00fcr eine voreingestellte Zeit auf dem Server vorgehalten (Standardeinstellung: 2 Tage). Analog verh\u00e4lt sich dies auf den Endger\u00e4ten (Standardeinstellung: 8 Stunden).<\/p><p>Nach dem empfohlenen Szenario sind alle mRay Server im Klinik-internen Netzwerk platziert und nicht in der DMZ, sodass ein direkter Zugriff von au\u00dfen nicht m\u00f6glich ist. Dabei agiert das Gateway in der DMZ nur als Datenvermittler, welches den verschl\u00fcsselten Datenverkehr weiterleitet und entsprechend als Bindeglied zwischen der mRay App und des mRay Servers dient. Es werden keine Daten in der DMZ gespeichert. Nach stichprobenartiger Analyse von Kundenservern konnte des Weiteren auch kein un\u00fcblicher Datenverkehr oder seltsame Verhaltensmuster beobachtet werden.<\/p><p>Die Sicherheitsarchitektur der mRay Anwendung ist eine fortlaufend getestete Schl\u00fcsselkomponente der Software, damit Datenlecks wie die im Artikel genannten in Zukunft der Vergangenheit angeh\u00f6ren. Mehr Informationen \u00fcber das Sicherheitskonzept von mRay und die Handhabung des Datenschutzes finden Sie in den beigef\u00fcgten Infobl\u00e4ttern.<\/p><p>Wir bedanken uns bei Ihnen und stehen f\u00fcr weitere Fragen gerne zur Verf\u00fcgung.<\/p><p>[1] <a href=\"https:\/\/www.br.de\/nachrichten\/deutschland-welt\/millionenfach-patientendaten-ungeschuetzt-im-netz,RcF09BW\" target=\"_blank\" rel=\"noopener\">https:\/\/www.br.de\/nachrichten\/deutschland-welt<\/a><\/p><p>[2] https:\/\/www.tagesschau.de\/investigativ\/br-recherche\/patientendaten-leck-suche-101.html<\/p><\/div><\/div><\/div>\t\t\t\t\t\t\t\t<\/div>\n\t\t\t\t<\/div>\n\t\t\t\t<div class=\"elementor-element elementor-element-5a8f552 elementor-widget elementor-widget-spacer\" data-id=\"5a8f552\" data-element_type=\"widget\" data-e-type=\"widget\" data-widget_type=\"spacer.default\">\n\t\t\t\t<div class=\"elementor-widget-container\">\n\t\t\t\t\t\t\t<div class=\"elementor-spacer\">\n\t\t\t<div class=\"elementor-spacer-inner\"><\/div>\n\t\t<\/div>\n\t\t\t\t\t\t<\/div>\n\t\t\t\t<\/div>\n\t\t\t\t\t<\/div>\n\t\t<\/div>\n\t\t\t\t\t<\/div>\n\t\t<\/section>\n\t\t\t\t<\/div>\n\t\t","protected":false},"excerpt":{"rendered":"<p>Security Statements mbits imaging GmbH \u00dcbersicht CVE-2021-4428 &#8211; Java log4j Wie mRay Ihre Daten sch\u00fctzt in Zusammenhang mit dem Artikel &#8222;Millionenfach Patientendaten ungesch\u00fctzt im Netz&#8220; (Bayerischer Rundfunk) Stand: 13.12.2021 CVE-2021-4428 &#8211; Java log4j Vom 13.12.2021 Betrifft die Sicherheitsl\u00fccke in der Java Library log4j (vgl. BSI [1]). Nach Pr\u00fcfung\u00a0des Sachverhalts k\u00f6nnen wir Ihnen mitteilen, dass von [&hellip;]<\/p>\n","protected":false},"author":2,"featured_media":0,"parent":0,"menu_order":0,"comment_status":"closed","ping_status":"closed","template":"","meta":{"footnotes":""},"class_list":["post-12020","page","type-page","status-publish","hentry"],"yoast_head":"<!-- This site is optimized with the Yoast SEO plugin v27.3 - https:\/\/yoast.com\/product\/yoast-seo-wordpress\/ -->\n<title>Security Statements - mbits imaging GmbH Heidelberg<\/title>\n<meta name=\"description\" content=\"Die Allgemeinen Gescha\u0308ftsbedingungen gelten fu\u0308r alle Vertra\u0308ge zwischen der mbits imaging GmbH und ihren Auftraggebern u\u0308ber Leistungen...\" \/>\n<meta name=\"robots\" content=\"index, follow, max-snippet:-1, max-image-preview:large, max-video-preview:-1\" \/>\n<link rel=\"canonical\" href=\"https:\/\/mbits.info\/en\/security-statements\/\" \/>\n<meta property=\"og:locale\" content=\"en_US\" \/>\n<meta property=\"og:type\" content=\"article\" \/>\n<meta property=\"og:title\" content=\"Security Statements - mbits imaging GmbH Heidelberg\" \/>\n<meta property=\"og:description\" content=\"Die Allgemeinen Gescha\u0308ftsbedingungen gelten fu\u0308r alle Vertra\u0308ge zwischen der mbits imaging GmbH und ihren Auftraggebern u\u0308ber Leistungen...\" \/>\n<meta property=\"og:url\" content=\"https:\/\/mbits.info\/en\/security-statements\/\" \/>\n<meta property=\"og:site_name\" content=\"mbits\" \/>\n<meta property=\"article:modified_time\" content=\"2024-09-23T09:36:22+00:00\" \/>\n<meta name=\"twitter:card\" content=\"summary_large_image\" \/>\n<meta name=\"twitter:label1\" content=\"Est. reading time\" \/>\n\t<meta name=\"twitter:data1\" content=\"4 minutes\" \/>\n<script type=\"application\/ld+json\" class=\"yoast-schema-graph\">{\"@context\":\"https:\\\/\\\/schema.org\",\"@graph\":[{\"@type\":\"WebPage\",\"@id\":\"https:\\\/\\\/mbits.info\\\/security-statements\",\"url\":\"https:\\\/\\\/mbits.info\\\/security-statements\",\"name\":\"Security Statements - mbits imaging GmbH Heidelberg\",\"isPartOf\":{\"@id\":\"https:\\\/\\\/mbits.info\\\/#website\"},\"datePublished\":\"2021-12-13T10:34:44+00:00\",\"dateModified\":\"2024-09-23T09:36:22+00:00\",\"description\":\"Die Allgemeinen Gescha\u0308ftsbedingungen gelten fu\u0308r alle Vertra\u0308ge zwischen der mbits imaging GmbH und ihren Auftraggebern u\u0308ber Leistungen...\",\"breadcrumb\":{\"@id\":\"https:\\\/\\\/mbits.info\\\/security-statements#breadcrumb\"},\"inLanguage\":\"en-US\",\"potentialAction\":[{\"@type\":\"ReadAction\",\"target\":[\"https:\\\/\\\/mbits.info\\\/security-statements\"]}]},{\"@type\":\"BreadcrumbList\",\"@id\":\"https:\\\/\\\/mbits.info\\\/security-statements#breadcrumb\",\"itemListElement\":[{\"@type\":\"ListItem\",\"position\":1,\"name\":\"Startseite\",\"item\":\"https:\\\/\\\/mbits.info\\\/\"},{\"@type\":\"ListItem\",\"position\":2,\"name\":\"Security Statements\"}]},{\"@type\":\"WebSite\",\"@id\":\"https:\\\/\\\/mbits.info\\\/#website\",\"url\":\"https:\\\/\\\/mbits.info\\\/\",\"name\":\"mbits\",\"description\":\"imaging all the people\",\"publisher\":{\"@id\":\"https:\\\/\\\/mbits.info\\\/#organization\"},\"potentialAction\":[{\"@type\":\"SearchAction\",\"target\":{\"@type\":\"EntryPoint\",\"urlTemplate\":\"https:\\\/\\\/mbits.info\\\/?s={search_term_string}\"},\"query-input\":{\"@type\":\"PropertyValueSpecification\",\"valueRequired\":true,\"valueName\":\"search_term_string\"}}],\"inLanguage\":\"en-US\"},{\"@type\":\"Organization\",\"@id\":\"https:\\\/\\\/mbits.info\\\/#organization\",\"name\":\"mbits\",\"url\":\"https:\\\/\\\/mbits.info\\\/\",\"logo\":{\"@type\":\"ImageObject\",\"inLanguage\":\"en-US\",\"@id\":\"https:\\\/\\\/mbits.info\\\/#\\\/schema\\\/logo\\\/image\\\/\",\"url\":\"https:\\\/\\\/mbits.info\\\/wp-content\\\/uploads\\\/2020\\\/11\\\/cropped-cropped-mbits_Logo_und_Slogan_registered_4c_dark-background.png\",\"contentUrl\":\"https:\\\/\\\/mbits.info\\\/wp-content\\\/uploads\\\/2020\\\/11\\\/cropped-cropped-mbits_Logo_und_Slogan_registered_4c_dark-background.png\",\"width\":1500,\"height\":555,\"caption\":\"mbits\"},\"image\":{\"@id\":\"https:\\\/\\\/mbits.info\\\/#\\\/schema\\\/logo\\\/image\\\/\"}}]}<\/script>\n<!-- \/ Yoast SEO plugin. -->","yoast_head_json":{"title":"Security Statements - mbits imaging GmbH Heidelberg","description":"The General Terms and Conditions apply to all contracts between mbits imaging GmbH and its customers for services...","robots":{"index":"index","follow":"follow","max-snippet":"max-snippet:-1","max-image-preview":"max-image-preview:large","max-video-preview":"max-video-preview:-1"},"canonical":"https:\/\/mbits.info\/en\/security-statements\/","og_locale":"en_US","og_type":"article","og_title":"Security Statements - mbits imaging GmbH Heidelberg","og_description":"Die Allgemeinen Gescha\u0308ftsbedingungen gelten fu\u0308r alle Vertra\u0308ge zwischen der mbits imaging GmbH und ihren Auftraggebern u\u0308ber Leistungen...","og_url":"https:\/\/mbits.info\/en\/security-statements\/","og_site_name":"mbits","article_modified_time":"2024-09-23T09:36:22+00:00","twitter_card":"summary_large_image","twitter_misc":{"Est. reading time":"4 minutes"},"schema":{"@context":"https:\/\/schema.org","@graph":[{"@type":"WebPage","@id":"https:\/\/mbits.info\/security-statements","url":"https:\/\/mbits.info\/security-statements","name":"Security Statements - mbits imaging GmbH Heidelberg","isPartOf":{"@id":"https:\/\/mbits.info\/#website"},"datePublished":"2021-12-13T10:34:44+00:00","dateModified":"2024-09-23T09:36:22+00:00","description":"The General Terms and Conditions apply to all contracts between mbits imaging GmbH and its customers for services...","breadcrumb":{"@id":"https:\/\/mbits.info\/security-statements#breadcrumb"},"inLanguage":"en-US","potentialAction":[{"@type":"ReadAction","target":["https:\/\/mbits.info\/security-statements"]}]},{"@type":"BreadcrumbList","@id":"https:\/\/mbits.info\/security-statements#breadcrumb","itemListElement":[{"@type":"ListItem","position":1,"name":"Startseite","item":"https:\/\/mbits.info\/"},{"@type":"ListItem","position":2,"name":"Security Statements"}]},{"@type":"WebSite","@id":"https:\/\/mbits.info\/#website","url":"https:\/\/mbits.info\/","name":"mbits","description":"imaging all the people","publisher":{"@id":"https:\/\/mbits.info\/#organization"},"potentialAction":[{"@type":"SearchAction","target":{"@type":"EntryPoint","urlTemplate":"https:\/\/mbits.info\/?s={search_term_string}"},"query-input":{"@type":"PropertyValueSpecification","valueRequired":true,"valueName":"search_term_string"}}],"inLanguage":"en-US"},{"@type":"Organization","@id":"https:\/\/mbits.info\/#organization","name":"mbits","url":"https:\/\/mbits.info\/","logo":{"@type":"ImageObject","inLanguage":"en-US","@id":"https:\/\/mbits.info\/#\/schema\/logo\/image\/","url":"https:\/\/mbits.info\/wp-content\/uploads\/2020\/11\/cropped-cropped-mbits_Logo_und_Slogan_registered_4c_dark-background.png","contentUrl":"https:\/\/mbits.info\/wp-content\/uploads\/2020\/11\/cropped-cropped-mbits_Logo_und_Slogan_registered_4c_dark-background.png","width":1500,"height":555,"caption":"mbits"},"image":{"@id":"https:\/\/mbits.info\/#\/schema\/logo\/image\/"}}]}},"_links":{"self":[{"href":"https:\/\/mbits.info\/en\/wp-json\/wp\/v2\/pages\/12020","targetHints":{"allow":["GET"]}}],"collection":[{"href":"https:\/\/mbits.info\/en\/wp-json\/wp\/v2\/pages"}],"about":[{"href":"https:\/\/mbits.info\/en\/wp-json\/wp\/v2\/types\/page"}],"author":[{"embeddable":true,"href":"https:\/\/mbits.info\/en\/wp-json\/wp\/v2\/users\/2"}],"replies":[{"embeddable":true,"href":"https:\/\/mbits.info\/en\/wp-json\/wp\/v2\/comments?post=12020"}],"version-history":[{"count":0,"href":"https:\/\/mbits.info\/en\/wp-json\/wp\/v2\/pages\/12020\/revisions"}],"wp:attachment":[{"href":"https:\/\/mbits.info\/en\/wp-json\/wp\/v2\/media?parent=12020"}],"curies":[{"name":"wp","href":"https:\/\/api.w.org\/{rel}","templated":true}]}}